{"id":4585,"date":"2022-03-23T22:45:08","date_gmt":"2022-03-23T21:45:08","guid":{"rendered":"https:\/\/www.formacompost.fr\/?page_id=4585"},"modified":"2024-03-25T14:52:09","modified_gmt":"2024-03-25T13:52:09","slug":"espace-pro-services","status":"publish","type":"page","link":"https:\/\/www.formacompost.fr\/espace-pro-accueil\/espace-pro-services\/","title":{"rendered":"ESPACE PRO Services"},"content":{"rendered":"\t\t<div data-elementor-type=\"wp-page\" data-elementor-id=\"4585\" class=\"elementor elementor-4585\" data-elementor-post-type=\"page\">\n\t\t\t\t\t\t<section class=\"elementor-section elementor-top-section elementor-element elementor-element-e7e7b10 elementor-section-height-min-height elementor-section-content-bottom elementor-section-boxed elementor-section-height-default elementor-section-items-middle\" data-id=\"e7e7b10\" data-element_type=\"section\" data-e-type=\"section\" data-settings=\"{&quot;background_background&quot;:&quot;classic&quot;}\">\n\t\t\t\t\t\t<div class=\"elementor-container elementor-column-gap-default\">\n\t\t\t\t\t<div class=\"elementor-column elementor-col-100 elementor-top-column elementor-element elementor-element-a691845\" data-id=\"a691845\" data-element_type=\"column\" data-e-type=\"column\">\n\t\t\t<div class=\"elementor-widget-wrap elementor-element-populated\">\n\t\t\t\t\t\t<div class=\"elementor-element elementor-element-8490d0e elementor-widget elementor-widget-heading\" data-id=\"8490d0e\" data-element_type=\"widget\" data-e-type=\"widget\" data-widget_type=\"heading.default\">\n\t\t\t\t<div class=\"elementor-widget-container\">\n\t\t\t\t\t<h2 class=\"elementor-heading-title elementor-size-default\">SERVICES<\/h2>\t\t\t\t<\/div>\n\t\t\t\t<\/div>\n\t\t\t\t\t<\/div>\n\t\t<\/div>\n\t\t\t\t\t<\/div>\n\t\t<\/section>\n\t\t\t\t<section class=\"elementor-section elementor-top-section elementor-element elementor-element-c7d4939 elementor-section-boxed elementor-section-height-default elementor-section-height-default\" data-id=\"c7d4939\" data-element_type=\"section\" data-e-type=\"section\" data-settings=\"{&quot;background_background&quot;:&quot;classic&quot;}\">\n\t\t\t\t\t\t<div class=\"elementor-container elementor-column-gap-default\">\n\t\t\t\t\t<div class=\"elementor-column elementor-col-100 elementor-top-column elementor-element elementor-element-5a1cd1f\" data-id=\"5a1cd1f\" data-element_type=\"column\" data-e-type=\"column\">\n\t\t\t<div class=\"elementor-widget-wrap elementor-element-populated\">\n\t\t\t\t\t\t<div class=\"elementor-element elementor-element-2b7d2ba elementor-widget elementor-widget-spacer\" data-id=\"2b7d2ba\" data-element_type=\"widget\" data-e-type=\"widget\" data-widget_type=\"spacer.default\">\n\t\t\t\t<div class=\"elementor-widget-container\">\n\t\t\t\t\t\t\t<div class=\"elementor-spacer\">\n\t\t\t<div class=\"elementor-spacer-inner\"><\/div>\n\t\t<\/div>\n\t\t\t\t\t\t<\/div>\n\t\t\t\t<\/div>\n\t\t\t\t\t<\/div>\n\t\t<\/div>\n\t\t\t\t\t<\/div>\n\t\t<\/section>\n\t\t\t\t<section class=\"elementor-section elementor-top-section elementor-element elementor-element-73a4cf8 elementor-section-boxed elementor-section-height-default elementor-section-height-default\" data-id=\"73a4cf8\" data-element_type=\"section\" data-e-type=\"section\" data-settings=\"{&quot;background_background&quot;:&quot;classic&quot;}\">\n\t\t\t\t\t\t<div class=\"elementor-container elementor-column-gap-default\">\n\t\t\t\t\t<div class=\"elementor-column elementor-col-100 elementor-top-column elementor-element elementor-element-a8e7b7b\" data-id=\"a8e7b7b\" data-element_type=\"column\" data-e-type=\"column\">\n\t\t\t<div class=\"elementor-widget-wrap elementor-element-populated\">\n\t\t\t\t\t\t<section class=\"elementor-section elementor-inner-section elementor-element elementor-element-67c956e elementor-section-boxed elementor-section-height-default elementor-section-height-default\" data-id=\"67c956e\" data-element_type=\"section\" data-e-type=\"section\">\n\t\t\t\t\t\t<div class=\"elementor-container elementor-column-gap-default\">\n\t\t\t\t\t<div class=\"elementor-column elementor-col-100 elementor-inner-column elementor-element elementor-element-1e8d6e4\" data-id=\"1e8d6e4\" data-element_type=\"column\" data-e-type=\"column\" data-settings=\"{&quot;background_background&quot;:&quot;classic&quot;}\">\n\t\t\t<div class=\"elementor-widget-wrap elementor-element-populated\">\n\t\t\t\t\t\t<div class=\"elementor-element elementor-element-304be58 elementor-view-default elementor-widget elementor-widget-icon\" data-id=\"304be58\" data-element_type=\"widget\" data-e-type=\"widget\" data-widget_type=\"icon.default\">\n\t\t\t\t<div class=\"elementor-widget-container\">\n\t\t\t\t\t\t\t<div class=\"elementor-icon-wrapper\">\n\t\t\t<div class=\"elementor-icon\">\n\t\t\t<i aria-hidden=\"true\" class=\"fas fa-lightbulb\"><\/i>\t\t\t<\/div>\n\t\t<\/div>\n\t\t\t\t\t\t<\/div>\n\t\t\t\t<\/div>\n\t\t\t\t<div class=\"elementor-element elementor-element-683125a elementor-widget elementor-widget-heading\" data-id=\"683125a\" data-element_type=\"widget\" data-e-type=\"widget\" data-widget_type=\"heading.default\">\n\t\t\t\t<div class=\"elementor-widget-container\">\n\t\t\t\t\t<h2 class=\"elementor-heading-title elementor-size-default\">CR\u00c9ation de projet<\/h2>\t\t\t\t<\/div>\n\t\t\t\t<\/div>\n\t\t\t\t<div class=\"elementor-element elementor-element-d7f8b01 elementor-widget elementor-widget-text-editor\" data-id=\"d7f8b01\" data-element_type=\"widget\" data-e-type=\"widget\" data-widget_type=\"text-editor.default\">\n\t\t\t\t<div class=\"elementor-widget-container\">\n\t\t\t\t\t\t\t\t\t<p><strong>Une analyse de votre contexte et de vos besoins pour d\u00e9finir ensemble la solution de compostage qui vous convient.<\/strong><\/p><p>\u00a0<\/p><p>Type de d\u00e9chets, volume journalier, p\u00e9riode de fermeture\u2026.\u00a0<\/p><p>Nous \u00e9tudions avec vous les diff\u00e9rents aspects de votre activit\u00e9 et vous proposons le composteur adapt\u00e9.<\/p><p>\u00a0<\/p><p>Nous pouvons \u00e9galement vous conseiller sur les moyens d\u2019approvisionnement en mati\u00e8re s\u00e8che\u00a0<\/p><p>ou encore sur les utilisations de votre compost frais.<\/p>\t\t\t\t\t\t\t\t<\/div>\n\t\t\t\t<\/div>\n\t\t\t\t\t<\/div>\n\t\t<\/div>\n\t\t\t\t\t<\/div>\n\t\t<\/section>\n\t\t\t\t\t<\/div>\n\t\t<\/div>\n\t\t\t\t\t<\/div>\n\t\t<\/section>\n\t\t\t\t<section class=\"elementor-section elementor-top-section elementor-element elementor-element-a5e43f4 elementor-section-boxed elementor-section-height-default elementor-section-height-default\" data-id=\"a5e43f4\" data-element_type=\"section\" data-e-type=\"section\" data-settings=\"{&quot;background_background&quot;:&quot;classic&quot;}\">\n\t\t\t\t\t\t<div class=\"elementor-container elementor-column-gap-default\">\n\t\t\t\t\t<div class=\"elementor-column elementor-col-100 elementor-top-column elementor-element elementor-element-61d44d1\" data-id=\"61d44d1\" data-element_type=\"column\" data-e-type=\"column\">\n\t\t\t<div class=\"elementor-widget-wrap elementor-element-populated\">\n\t\t\t\t\t\t<section class=\"elementor-section elementor-inner-section elementor-element elementor-element-001b522 elementor-section-boxed elementor-section-height-default elementor-section-height-default\" data-id=\"001b522\" data-element_type=\"section\" data-e-type=\"section\">\n\t\t\t\t\t\t<div class=\"elementor-container elementor-column-gap-default\">\n\t\t\t\t\t<div class=\"elementor-column elementor-col-100 elementor-inner-column elementor-element elementor-element-937e1fd\" data-id=\"937e1fd\" data-element_type=\"column\" data-e-type=\"column\">\n\t\t\t<div class=\"elementor-widget-wrap elementor-element-populated\">\n\t\t\t\t\t\t<div class=\"elementor-element elementor-element-e002a7f elementor-view-default elementor-widget elementor-widget-icon\" data-id=\"e002a7f\" data-element_type=\"widget\" data-e-type=\"widget\" data-widget_type=\"icon.default\">\n\t\t\t\t<div class=\"elementor-widget-container\">\n\t\t\t\t\t\t\t<div class=\"elementor-icon-wrapper\">\n\t\t\t<div class=\"elementor-icon\">\n\t\t\t<i aria-hidden=\"true\" class=\"fas fa-book-open\"><\/i>\t\t\t<\/div>\n\t\t<\/div>\n\t\t\t\t\t\t<\/div>\n\t\t\t\t<\/div>\n\t\t\t\t<div class=\"elementor-element elementor-element-892cfac elementor-widget elementor-widget-heading\" data-id=\"892cfac\" data-element_type=\"widget\" data-e-type=\"widget\" data-widget_type=\"heading.default\">\n\t\t\t\t<div class=\"elementor-widget-container\">\n\t\t\t\t\t<h2 class=\"elementor-heading-title elementor-size-default\">FORMATION<\/h2>\t\t\t\t<\/div>\n\t\t\t\t<\/div>\n\t\t\t\t<div class=\"elementor-element elementor-element-f094486 elementor-widget elementor-widget-text-editor\" data-id=\"f094486\" data-element_type=\"widget\" data-e-type=\"widget\" data-widget_type=\"text-editor.default\">\n\t\t\t\t<div class=\"elementor-widget-container\">\n\t\t\t\t\t\t\t\t\t<p><strong>La formation est l\u2019ingr\u00e9dient de base d\u2019une bonne gestion des d\u00e9chets organiques, et plus particuli\u00e8rement des d\u00e9chets alimentaires.<\/strong><\/p><p>\u00a0<\/p><p>Apr\u00e8s la livraison de ses composteurs professionnels, Formacompost forme votre personnel\u00a0pour une bonne ma\u00eetrise et utilisation du mat\u00e9riel.\u00a0<\/p><p>Formation en pr\u00e9sentiel ou distanciel (incluse dans l&rsquo;offre de prix )<\/p><p>\u00a0<\/p><p><strong>Le saviez-vous ?<\/strong><\/p><div class=\"gmail-page\" title=\"Page 9\"><div class=\"gmail-section\"><div class=\"gmail-layoutArea\"><div class=\"gmail-column\"><p>Les articles 17 a\u0300 21 de l\u2019arre\u0302te\u0301 du 9 avril 2018 du ministe\u0300re de l\u2019agriculture et de l\u2019alimentation\u00a0<\/p><p>stipule l\u2019obligation l\u00e9gale d\u2019avoir, pour chaque site de compostage autonome en \u00e9tablissement,\u00a0<\/p><p>un r\u00e9f\u00e9rent form\u00e9.<\/p><\/div><\/div><\/div><\/div>\t\t\t\t\t\t\t\t<\/div>\n\t\t\t\t<\/div>\n\t\t\t\t\t<\/div>\n\t\t<\/div>\n\t\t\t\t\t<\/div>\n\t\t<\/section>\n\t\t\t\t\t<\/div>\n\t\t<\/div>\n\t\t\t\t\t<\/div>\n\t\t<\/section>\n\t\t\t\t<section class=\"elementor-section elementor-top-section elementor-element elementor-element-f8cd905 elementor-section-boxed elementor-section-height-default elementor-section-height-default\" data-id=\"f8cd905\" data-element_type=\"section\" data-e-type=\"section\" data-settings=\"{&quot;background_background&quot;:&quot;classic&quot;}\">\n\t\t\t\t\t\t<div class=\"elementor-container elementor-column-gap-default\">\n\t\t\t\t\t<div class=\"elementor-column elementor-col-100 elementor-top-column elementor-element elementor-element-baae483\" data-id=\"baae483\" data-element_type=\"column\" data-e-type=\"column\">\n\t\t\t<div class=\"elementor-widget-wrap elementor-element-populated\">\n\t\t\t\t\t\t<section class=\"elementor-section elementor-inner-section elementor-element elementor-element-fd55f21 elementor-section-boxed elementor-section-height-default elementor-section-height-default\" data-id=\"fd55f21\" data-element_type=\"section\" data-e-type=\"section\">\n\t\t\t\t\t\t<div class=\"elementor-container elementor-column-gap-default\">\n\t\t\t\t\t<div class=\"elementor-column elementor-col-100 elementor-inner-column elementor-element elementor-element-3d391de\" data-id=\"3d391de\" data-element_type=\"column\" data-e-type=\"column\">\n\t\t\t<div class=\"elementor-widget-wrap elementor-element-populated\">\n\t\t\t\t\t\t<div class=\"elementor-element elementor-element-7513c16 elementor-view-default elementor-widget elementor-widget-icon\" data-id=\"7513c16\" data-element_type=\"widget\" data-e-type=\"widget\" data-widget_type=\"icon.default\">\n\t\t\t\t<div class=\"elementor-widget-container\">\n\t\t\t\t\t\t\t<div class=\"elementor-icon-wrapper\">\n\t\t\t<div class=\"elementor-icon\">\n\t\t\t<i aria-hidden=\"true\" class=\"fas fa-handshake\"><\/i>\t\t\t<\/div>\n\t\t<\/div>\n\t\t\t\t\t\t<\/div>\n\t\t\t\t<\/div>\n\t\t\t\t<div class=\"elementor-element elementor-element-c8783f3 elementor-widget elementor-widget-heading\" data-id=\"c8783f3\" data-element_type=\"widget\" data-e-type=\"widget\" data-widget_type=\"heading.default\">\n\t\t\t\t<div class=\"elementor-widget-container\">\n\t\t\t\t\t<h2 class=\"elementor-heading-title elementor-size-default\">ACCOMPAGNEMENT<\/h2>\t\t\t\t<\/div>\n\t\t\t\t<\/div>\n\t\t\t\t<div class=\"elementor-element elementor-element-d642427 elementor-widget elementor-widget-text-editor\" data-id=\"d642427\" data-element_type=\"widget\" data-e-type=\"widget\" data-widget_type=\"text-editor.default\">\n\t\t\t\t<div class=\"elementor-widget-container\">\n\t\t\t\t\t\t\t\t\t<p>T\u00e9l\u00e9phone, mail, visio, photos\u2026 tout est mis en place pour vous accompagner dans les premi\u00e8res semaines de votre exp\u00e9rience de compostage.<\/p><p>\u00a0<\/p><p><strong>Cet accompagnement est important pour garantir la bonne utilisation du mat\u00e9riel et le bon d\u00e9roulement du processus de compostage.<\/strong><\/p><p>(inclus dans l&rsquo;offre de prix )<\/p>\t\t\t\t\t\t\t\t<\/div>\n\t\t\t\t<\/div>\n\t\t\t\t\t<\/div>\n\t\t<\/div>\n\t\t\t\t\t<\/div>\n\t\t<\/section>\n\t\t\t\t\t<\/div>\n\t\t<\/div>\n\t\t\t\t\t<\/div>\n\t\t<\/section>\n\t\t\t\t<section class=\"elementor-section elementor-top-section elementor-element elementor-element-0828cc4 elementor-section-boxed elementor-section-height-default elementor-section-height-default\" data-id=\"0828cc4\" data-element_type=\"section\" data-e-type=\"section\" data-settings=\"{&quot;background_background&quot;:&quot;classic&quot;}\">\n\t\t\t\t\t\t<div class=\"elementor-container elementor-column-gap-default\">\n\t\t\t\t\t<div class=\"elementor-column elementor-col-100 elementor-top-column elementor-element elementor-element-73eb84e\" data-id=\"73eb84e\" data-element_type=\"column\" data-e-type=\"column\">\n\t\t\t<div class=\"elementor-widget-wrap elementor-element-populated\">\n\t\t\t\t\t\t<div class=\"elementor-element elementor-element-2f6fb10 elementor-mobile-align-center animated-slow elementor-align-center elementor-widget elementor-widget-button\" data-id=\"2f6fb10\" data-element_type=\"widget\" data-e-type=\"widget\" data-settings=\"{&quot;_animation&quot;:&quot;none&quot;,&quot;_animation_delay&quot;:900}\" data-widget_type=\"button.default\">\n\t\t\t\t<div class=\"elementor-widget-container\">\n\t\t\t\t\t\t\t\t\t<div class=\"elementor-button-wrapper\">\n\t\t\t\t\t<a class=\"elementor-button elementor-button-link elementor-size-lg\" href=\"https:\/\/www.formacompost.fr\/espace-pro-contact\/\">\n\t\t\t\t\t\t<span class=\"elementor-button-content-wrapper\">\n\t\t\t\t\t\t\t\t\t<span class=\"elementor-button-text\">Nous contacter<\/span>\n\t\t\t\t\t<\/span>\n\t\t\t\t\t<\/a>\n\t\t\t\t<\/div>\n\t\t\t\t\t\t\t\t<\/div>\n\t\t\t\t<\/div>\n\t\t\t\t\t<\/div>\n\t\t<\/div>\n\t\t\t\t\t<\/div>\n\t\t<\/section>\n\t\t\t\t<\/div>\n\t\t","protected":false},"excerpt":{"rendered":"<p>SERVICES CR\u00c9ation de projet Une analyse de votre contexte et de vos besoins pour d\u00e9finir ensemble la solution de compostage qui vous convient. \u00a0 Type de d\u00e9chets, volume journalier, p\u00e9riode de fermeture\u2026.\u00a0 Nous \u00e9tudions avec vous les diff\u00e9rents aspects de votre activit\u00e9 et vous proposons le composteur adapt\u00e9. \u00a0 Nous pouvons \u00e9galement vous conseiller sur &#8230; <a title=\"ESPACE PRO Services\" class=\"read-more\" href=\"https:\/\/www.formacompost.fr\/espace-pro-accueil\/espace-pro-services\/\" aria-label=\"En savoir plus sur ESPACE PRO Services\">Lire la suite<\/a><\/p>\n","protected":false},"author":2,"featured_media":0,"parent":0,"menu_order":0,"comment_status":"closed","ping_status":"closed","template":"elementor_header_footer","meta":{"footnotes":""},"class_list":["post-4585","page","type-page","status-publish"],"yoast_head":"<!-- This site is optimized with the Yoast SEO plugin v27.5 - https:\/\/yoast.com\/product\/yoast-seo-wordpress\/ -->\n<title>NULL<\/title>\n<meta name=\"description\" content=\"NULL\" \/>\n<meta name=\"robots\" content=\"index, follow, max-snippet:-1, max-image-preview:large, max-video-preview:-1\" \/>\n<link rel=\"canonical\" href=\"http:\/\/NULL\" \/>\n<meta property=\"og:locale\" content=\"fr_FR\" \/>\n<meta property=\"og:type\" content=\"article\" \/>\n<meta property=\"og:title\" content=\"NULL\" \/>\n<meta property=\"og:description\" content=\"NULL\" \/>\n<meta property=\"og:url\" content=\"NULL\" \/>\n<meta property=\"og:site_name\" content=\"FORMACOMPOST\" \/>\n<meta property=\"article:modified_time\" content=\"2024-03-25T13:52:09+00:00\" \/>\n<meta name=\"twitter:card\" content=\"summary_large_image\" \/>\n<meta name=\"twitter:title\" content=\"NULL\" \/>\n<meta name=\"twitter:description\" content=\"NULL\" \/>\n<meta name=\"twitter:label1\" content=\"Dur\u00e9e de lecture estim\u00e9e\" \/>\n\t<meta name=\"twitter:data1\" content=\"1 minute\" \/>\n<script type=\"application\/ld+json\" class=\"yoast-schema-graph\">{\"@context\":\"https:\\\/\\\/schema.org\",\"@graph\":[{\"@type\":[\"WebPage\",\"NULL\"],\"@id\":\"https:\\\/\\\/www.formacompost.fr\\\/espace-pro-accueil\\\/espace-pro-services\\\/\",\"url\":\"NULL\",\"name\":\"NULL\",\"isPartOf\":{\"@id\":\"https:\\\/\\\/www.formacompost.fr\\\/espace-pro-accueil\\\/#website\"},\"datePublished\":\"2022-03-23T21:45:08+00:00\",\"dateModified\":\"2024-03-25T13:52:09+00:00\",\"description\":\"NULL\",\"breadcrumb\":{\"@id\":\"NULL#breadcrumb\"},\"inLanguage\":\"fr-FR\",\"potentialAction\":[{\"@type\":\"ReadAction\",\"target\":[\"NULL\"]}]},{\"@type\":\"BreadcrumbList\",\"@id\":\"NULL#breadcrumb\",\"itemListElement\":[{\"@type\":\"ListItem\",\"position\":1,\"name\":\"Accueil\",\"item\":\"https:\\\/\\\/www.formacompost.fr\\\/espace-pro-accueil\\\/\"},{\"@type\":\"ListItem\",\"position\":2,\"name\":\"ESPACE PRO Services\"}]},{\"@type\":\"WebSite\",\"@id\":\"https:\\\/\\\/www.formacompost.fr\\\/espace-pro-accueil\\\/#website\",\"url\":\"https:\\\/\\\/www.formacompost.fr\\\/espace-pro-accueil\\\/\",\"name\":\"FORMACOMPOST\",\"description\":\"Notre m\u00e9tier, la pr\u00e9vention des d\u00e9chets. L&#039;innovation notre motivation\",\"publisher\":{\"@id\":\"https:\\\/\\\/www.formacompost.fr\\\/espace-pro-accueil\\\/#organization\"},\"potentialAction\":[{\"@type\":\"SearchAction\",\"target\":{\"@type\":\"EntryPoint\",\"urlTemplate\":\"https:\\\/\\\/www.formacompost.fr\\\/espace-pro-accueil\\\/?s={search_term_string}\"},\"query-input\":{\"@type\":\"PropertyValueSpecification\",\"valueRequired\":true,\"valueName\":\"search_term_string\"}}],\"inLanguage\":\"fr-FR\"},{\"@type\":\"Organization\",\"@id\":\"https:\\\/\\\/www.formacompost.fr\\\/espace-pro-accueil\\\/#organization\",\"name\":\"Formacompost\",\"url\":\"https:\\\/\\\/www.formacompost.fr\\\/espace-pro-accueil\\\/\",\"logo\":{\"@type\":\"ImageObject\",\"inLanguage\":\"fr-FR\",\"@id\":\"https:\\\/\\\/www.formacompost.fr\\\/espace-pro-accueil\\\/#\\\/schema\\\/logo\\\/image\\\/\",\"url\":\"https:\\\/\\\/www.formacompost.fr\\\/wp-content\\\/uploads\\\/2020\\\/03\\\/logo.png\",\"contentUrl\":\"https:\\\/\\\/www.formacompost.fr\\\/wp-content\\\/uploads\\\/2020\\\/03\\\/logo.png\",\"width\":431,\"height\":154,\"caption\":\"Formacompost\"},\"image\":{\"@id\":\"https:\\\/\\\/www.formacompost.fr\\\/espace-pro-accueil\\\/#\\\/schema\\\/logo\\\/image\\\/\"}}]}<\/script>\n<!-- \/ Yoast SEO plugin. -->","yoast_head_json":{"title":"NULL","description":"NULL","robots":{"index":"index","follow":"follow","max-snippet":"max-snippet:-1","max-image-preview":"max-image-preview:large","max-video-preview":"max-video-preview:-1"},"canonical":"NULL","og_locale":"fr_FR","og_type":"article","og_title":"NULL","og_description":"NULL","og_url":"NULL","og_site_name":"FORMACOMPOST","article_modified_time":"2024-03-25T13:52:09+00:00","twitter_card":"summary_large_image","twitter_title":"NULL","twitter_description":"NULL","twitter_misc":{"Dur\u00e9e de lecture estim\u00e9e":"1 minute"},"schema":{"@context":"https:\/\/schema.org","@graph":[{"@type":["WebPage","NULL"],"@id":"https:\/\/www.formacompost.fr\/espace-pro-accueil\/espace-pro-services\/","url":"NULL","name":"NULL","isPartOf":{"@id":"https:\/\/www.formacompost.fr\/espace-pro-accueil\/#website"},"datePublished":"2022-03-23T21:45:08+00:00","dateModified":"2024-03-25T13:52:09+00:00","description":"NULL","breadcrumb":{"@id":"NULL#breadcrumb"},"inLanguage":"fr-FR","potentialAction":[{"@type":"ReadAction","target":["NULL"]}]},{"@type":"BreadcrumbList","@id":"NULL#breadcrumb","itemListElement":[{"@type":"ListItem","position":1,"name":"Accueil","item":"https:\/\/www.formacompost.fr\/espace-pro-accueil\/"},{"@type":"ListItem","position":2,"name":"ESPACE PRO Services"}]},{"@type":"WebSite","@id":"https:\/\/www.formacompost.fr\/espace-pro-accueil\/#website","url":"https:\/\/www.formacompost.fr\/espace-pro-accueil\/","name":"FORMACOMPOST","description":"Notre m\u00e9tier, la pr\u00e9vention des d\u00e9chets. L&#039;innovation notre motivation","publisher":{"@id":"https:\/\/www.formacompost.fr\/espace-pro-accueil\/#organization"},"potentialAction":[{"@type":"SearchAction","target":{"@type":"EntryPoint","urlTemplate":"https:\/\/www.formacompost.fr\/espace-pro-accueil\/?s={search_term_string}"},"query-input":{"@type":"PropertyValueSpecification","valueRequired":true,"valueName":"search_term_string"}}],"inLanguage":"fr-FR"},{"@type":"Organization","@id":"https:\/\/www.formacompost.fr\/espace-pro-accueil\/#organization","name":"Formacompost","url":"https:\/\/www.formacompost.fr\/espace-pro-accueil\/","logo":{"@type":"ImageObject","inLanguage":"fr-FR","@id":"https:\/\/www.formacompost.fr\/espace-pro-accueil\/#\/schema\/logo\/image\/","url":"https:\/\/www.formacompost.fr\/wp-content\/uploads\/2020\/03\/logo.png","contentUrl":"https:\/\/www.formacompost.fr\/wp-content\/uploads\/2020\/03\/logo.png","width":431,"height":154,"caption":"Formacompost"},"image":{"@id":"https:\/\/www.formacompost.fr\/espace-pro-accueil\/#\/schema\/logo\/image\/"}}]}},"jetpack_sharing_enabled":true,"_links":{"self":[{"href":"https:\/\/www.formacompost.fr\/espace-pro-accueil\/wp-json\/wp\/v2\/pages\/4585","targetHints":{"allow":["GET"]}}],"collection":[{"href":"https:\/\/www.formacompost.fr\/espace-pro-accueil\/wp-json\/wp\/v2\/pages"}],"about":[{"href":"https:\/\/www.formacompost.fr\/espace-pro-accueil\/wp-json\/wp\/v2\/types\/page"}],"author":[{"embeddable":true,"href":"https:\/\/www.formacompost.fr\/espace-pro-accueil\/wp-json\/wp\/v2\/users\/2"}],"replies":[{"embeddable":true,"href":"https:\/\/www.formacompost.fr\/espace-pro-accueil\/wp-json\/wp\/v2\/comments?post=4585"}],"version-history":[{"count":153,"href":"https:\/\/www.formacompost.fr\/espace-pro-accueil\/wp-json\/wp\/v2\/pages\/4585\/revisions"}],"predecessor-version":[{"id":12728,"href":"https:\/\/www.formacompost.fr\/espace-pro-accueil\/wp-json\/wp\/v2\/pages\/4585\/revisions\/12728"}],"wp:attachment":[{"href":"https:\/\/www.formacompost.fr\/espace-pro-accueil\/wp-json\/wp\/v2\/media?parent=4585"}],"curies":[{"name":"wp","href":"https:\/\/api.w.org\/{rel}","templated":true}]}}