{"id":383,"date":"2020-04-22T09:39:52","date_gmt":"2020-04-22T07:39:52","guid":{"rendered":"http:\/\/formacompost.iticonseil.com\/?page_id=383"},"modified":"2024-03-25T14:07:49","modified_gmt":"2024-03-25T13:07:49","slug":"mentions-legales","status":"publish","type":"page","link":"https:\/\/www.formacompost.fr\/espace-pro-accueil\/mentions-legales\/","title":{"rendered":"Mentions l\u00e9gales"},"content":{"rendered":"\t\t<div data-elementor-type=\"wp-page\" data-elementor-id=\"383\" class=\"elementor elementor-383\" data-elementor-post-type=\"page\">\n\t\t\t\t\t\t<section class=\"elementor-section elementor-top-section elementor-element elementor-element-efd065b elementor-section-boxed elementor-section-height-default elementor-section-height-default\" data-id=\"efd065b\" data-element_type=\"section\" data-e-type=\"section\" data-settings=\"{&quot;background_background&quot;:&quot;classic&quot;}\">\n\t\t\t\t\t\t<div class=\"elementor-container elementor-column-gap-default\">\n\t\t\t\t\t<div class=\"elementor-column elementor-col-100 elementor-top-column elementor-element elementor-element-6992a15f\" data-id=\"6992a15f\" data-element_type=\"column\" data-e-type=\"column\">\n\t\t\t<div class=\"elementor-widget-wrap elementor-element-populated\">\n\t\t\t\t\t\t<div class=\"elementor-element elementor-element-56d23344 elementor-widget elementor-widget-heading\" data-id=\"56d23344\" data-element_type=\"widget\" data-e-type=\"widget\" data-widget_type=\"heading.default\">\n\t\t\t\t<div class=\"elementor-widget-container\">\n\t\t\t\t\t<h1 class=\"elementor-heading-title elementor-size-default\">Mentions l\u00e9gales<\/h1>\t\t\t\t<\/div>\n\t\t\t\t<\/div>\n\t\t\t\t\t<\/div>\n\t\t<\/div>\n\t\t\t\t\t<\/div>\n\t\t<\/section>\n\t\t\t\t<section class=\"elementor-section elementor-top-section elementor-element elementor-element-13bad422 elementor-section-boxed elementor-section-height-default elementor-section-height-default\" data-id=\"13bad422\" data-element_type=\"section\" data-e-type=\"section\">\n\t\t\t\t\t\t<div class=\"elementor-container elementor-column-gap-wider\">\n\t\t\t\t\t<div class=\"elementor-column elementor-col-100 elementor-top-column elementor-element elementor-element-41ea5cd\" data-id=\"41ea5cd\" data-element_type=\"column\" data-e-type=\"column\">\n\t\t\t<div class=\"elementor-widget-wrap elementor-element-populated\">\n\t\t\t\t\t\t<div class=\"elementor-element elementor-element-b991e1d elementor-widget elementor-widget-text-editor\" data-id=\"b991e1d\" data-element_type=\"widget\" data-e-type=\"widget\" data-widget_type=\"text-editor.default\">\n\t\t\t\t<div class=\"elementor-widget-container\">\n\t\t\t\t\t\t\t\t\t<h2>DIRECTEUR DE PUBLICATION<\/h2><div><div class=\"PD IF\"><div id=\":dx.co\" class=\"JL\"><div id=\":e1.ma\" class=\"Mu SP\" data-tooltip=\"19 d\u00e9cembre 2019 \u00e0 11:50:20 UTC+1\"><strong><span id=\":e1.co\" class=\"tL8wMe EMoHub\" dir=\"ltr\">Boudet Christophe<\/span><\/strong><\/div><\/div><\/div><p>TEL : 06 12 25 10 15\u00a0<\/p><p><b>S<\/b>oci\u00e9t\u00e9\u00a0<b>N<\/b>ouvelle\u00a0<b>F<\/b>ormacompost<\/p><p>58130 VAUX D AMOGNES<\/p><p>SIRET 50133834700021<\/p><\/div><h2>\u00a0<\/h2><h2>H\u00c9BERGEMENT<\/h2><p>A l\u2019exception de l\u2019iconographie, la reproduction des pages de ce site sur un support papier est autoris\u00e9e, sous r\u00e9serve du respect des conditions suivantes :<\/p><ul><li>gratuit\u00e9 de la diffusion,<\/li><li>respect de l\u2019int\u00e9grit\u00e9 des documents reproduits (aucune modification ni alt\u00e9ration d\u2019aucune sorte)<\/li><li>citation explicite du site comme source et mention que les droits de reproduction sont r\u00e9serv\u00e9s et strictement limit\u00e9s.<\/li><\/ul><p>La reproduction de tout ou partie de ce site sur un support \u00e9lectronique est autoris\u00e9e sous r\u00e9serve de l\u2019ajout de fa\u00e7on claire et lisible de la source et de la mention \u00ab Droits r\u00e9serv\u00e9s \u00bb.<\/p><p>Les informations utilis\u00e9es ne doivent l\u2019\u00eatre qu\u2019\u00e0 des fins personnelles, associatives ou professionnelles ; toute utilisation \u00e0 des fins commerciales ou publicitaires est exclue.<\/p><div class=\"page\" title=\"Page 7\"><div class=\"layoutArea\"><div class=\"column\"><p>Les logos, images et marques relatifs aux autres socie\u0301te\u0301s ou produits cite\u0301s ou utilise\u0301s sur le Site sont la proprie\u0301te\u0301 respective de leurs auteurs.<\/p><\/div><\/div><\/div><h2>LA CR\u00c9ATION DE LIENS VERS LE SITE<\/h2><p>Ce site autorise la mise en place d\u2019un lien hypertexte pointant vers son contenu, sous r\u00e9serve de :<\/p><ul><li>Ne pas utiliser la technique du lien profond (\u00ab deep linking \u00bb), c\u2019est-\u00e0-dire que les pages du site ne doivent pas \u00eatre imbriqu\u00e9es \u00e0 l\u2019int\u00e9rieur des pages d\u2019un autre site, mais accessibles par l\u2019ouverture d\u2019une fen\u00eatre.<\/li><li>Mentionner la source qui pointera gr\u00e2ce \u00e0 un lien hypertexte directement sur le contenu vis\u00e9.<\/li><li>Les informations utilis\u00e9es ne doivent l\u2019\u00eatre qu\u2019\u00e0 des fins personnelles, associatives ou professionnelles ; toute utilisation \u00e0 des fins commerciales ou publicitaires est exclue.<\/li><\/ul><p>Attention ! Cette autorisation ne s\u2019applique pas aux sites internet diffusant des informations \u00e0 caract\u00e8re pol\u00e9mique, pornographique, x\u00e9nophobe ou pouvant, dans une plus large mesure porter atteinte \u00e0 la sensibilit\u00e9 du plus grand nombre.<br \/>Pour d\u2019autres utilisations, veuillez nous consulter.<\/p><h2>\u00a0<\/h2><h2>PROTECTION DES DONN\u00c9ES PERSONNELLES<\/h2><h2><span style=\"font-size: 15px; font-weight: 400; text-transform: none;\">Aucune information personnelle n\u2019est c\u00e9d\u00e9e \u00e0 des tiers.<\/span><\/h2><h2>UTILISATION DE FORMULAIRE SUR LE SITE INTERNET<\/h2><p>Lorsque vous envoyez un formulaire via notre site Internet, les informations saisies seront conserv\u00e9es et s\u00e9curis\u00e9es sur notre site Internet pour une dur\u00e9e maximale de 12 mois. Par l\u2019envoi de formulaire vous consentez de votre plein gr\u00e8s \u00e0 nous transmettre les donn\u00e9es personnelles que vous avez saisie. Votre adresse IP sera enregistr\u00e9 en plus des donn\u00e9es personnelles saisie afin de pouvoir \u00e9ventuellement r\u00e9pondre \u00e0 des r\u00e9quisition de la justice.<\/p><p>Vous b\u00e9n\u00e9ficiez d\u2019un droit d\u2019acc\u00e8s, de rectification, de modification, de limitation du traitement, de portabilit\u00e9 et d\u2019effacement.<\/p><p>Votre demande doit \u00eatre adress\u00e9e au responsable du site.<\/p><p>Dans le cadre de demande de stage ou de candidature spontan\u00e9e vos CV seront conserv\u00e9s au maximum une ann\u00e9e pour vous recontacter pour la m\u00eame demande si besoin.<\/p><h2>\u00a0<\/h2><h2>COOKIE<\/h2><p>Ce site implante un ou plusieurs cookie pour pouvoir fonctionner. Seul les cookies n\u00e9cessaire au bon fonctionnement du site Internet sont ajout\u00e9 sans votre consentement. Ces cookies ne sont pas utilis\u00e9s pour vous tracker ni r\u00e9colter des donn\u00e9es personnelles. Ces cookies sont plac\u00e9s en accord avec la l\u00e9gislation Cookie de 2012 et le RGPD.<\/p><h2>\u00a0<\/h2><h2>ANALYSE STATISTIQUE ET CONFIDENTIALIT\u00c9<\/h2><p>Dans un soucis d\u2019adaptation et d\u2019am\u00e9lioration de notre site aux demandes de nos visiteurs, nous analysons le trafic du site via Google Analytics.<br \/>Ce dernier place un cookie avec un identifiant unique d\u2019une dur\u00e9e de conservation limit\u00e9e \u00e0 13 mois.<br \/>Les adresses IP recueillies par l\u2019outil sont anonymis\u00e9es et conserv\u00e9es pour une dur\u00e9e de 6 mois.<br \/>Aucune donn\u00e9e recueillis via Google Analytics n\u2019est c\u00e9d\u00e9e \u00e0 des tiers ni utilis\u00e9es \u00e0 d\u2019autres fins.<\/p>\t\t\t\t\t\t\t\t<\/div>\n\t\t\t\t<\/div>\n\t\t\t\t\t<\/div>\n\t\t<\/div>\n\t\t\t\t\t<\/div>\n\t\t<\/section>\n\t\t\t\t<\/div>\n\t\t","protected":false},"excerpt":{"rendered":"<p>Mentions l\u00e9gales DIRECTEUR DE PUBLICATION Boudet Christophe TEL : 06 12 25 10 15\u00a0 Soci\u00e9t\u00e9\u00a0Nouvelle\u00a0Formacompost 58130 VAUX D AMOGNES SIRET 50133834700021 \u00a0 H\u00c9BERGEMENT A l\u2019exception de l\u2019iconographie, la reproduction des pages de ce site sur un support papier est autoris\u00e9e, sous r\u00e9serve du respect des conditions suivantes : gratuit\u00e9 de la diffusion, respect de l\u2019int\u00e9grit\u00e9 &#8230; <a title=\"Mentions l\u00e9gales\" class=\"read-more\" href=\"https:\/\/www.formacompost.fr\/espace-pro-accueil\/mentions-legales\/\" aria-label=\"En savoir plus sur Mentions l\u00e9gales\">Lire la suite<\/a><\/p>\n","protected":false},"author":1,"featured_media":0,"parent":0,"menu_order":0,"comment_status":"closed","ping_status":"closed","template":"elementor_header_footer","meta":{"footnotes":""},"class_list":["post-383","page","type-page","status-publish"],"yoast_head":"<!-- This site is optimized with the Yoast SEO plugin v27.4 - https:\/\/yoast.com\/product\/yoast-seo-wordpress\/ -->\n<title>NULL<\/title>\n<meta name=\"description\" content=\"NULL\" \/>\n<meta name=\"robots\" content=\"index, follow, max-snippet:-1, max-image-preview:large, max-video-preview:-1\" \/>\n<link rel=\"canonical\" href=\"http:\/\/NULL\" \/>\n<meta property=\"og:locale\" content=\"fr_FR\" \/>\n<meta property=\"og:type\" content=\"article\" \/>\n<meta property=\"og:title\" content=\"NULL\" \/>\n<meta property=\"og:description\" content=\"NULL\" \/>\n<meta property=\"og:url\" content=\"NULL\" \/>\n<meta property=\"og:site_name\" content=\"FORMACOMPOST\" \/>\n<meta property=\"article:modified_time\" content=\"2024-03-25T13:07:49+00:00\" \/>\n<meta name=\"twitter:card\" content=\"summary_large_image\" \/>\n<meta name=\"twitter:title\" content=\"NULL\" \/>\n<meta name=\"twitter:description\" content=\"NULL\" \/>\n<meta name=\"twitter:label1\" content=\"Dur\u00e9e de lecture estim\u00e9e\" \/>\n\t<meta name=\"twitter:data1\" content=\"3 minutes\" \/>\n<script type=\"application\/ld+json\" class=\"yoast-schema-graph\">{\"@context\":\"https:\\\/\\\/schema.org\",\"@graph\":[{\"@type\":[\"WebPage\",\"NULL\"],\"@id\":\"https:\\\/\\\/www.formacompost.fr\\\/espace-pro-accueil\\\/mentions-legales\\\/\",\"url\":\"NULL\",\"name\":\"NULL\",\"isPartOf\":{\"@id\":\"https:\\\/\\\/www.formacompost.fr\\\/espace-pro-accueil\\\/#website\"},\"datePublished\":\"2020-04-22T07:39:52+00:00\",\"dateModified\":\"2024-03-25T13:07:49+00:00\",\"description\":\"NULL\",\"breadcrumb\":{\"@id\":\"NULL#breadcrumb\"},\"inLanguage\":\"fr-FR\",\"potentialAction\":[{\"@type\":\"ReadAction\",\"target\":[\"NULL\"]}]},{\"@type\":\"BreadcrumbList\",\"@id\":\"NULL#breadcrumb\",\"itemListElement\":[{\"@type\":\"ListItem\",\"position\":1,\"name\":\"Accueil\",\"item\":\"https:\\\/\\\/www.formacompost.fr\\\/espace-pro-accueil\\\/\"},{\"@type\":\"ListItem\",\"position\":2,\"name\":\"Mentions l\u00e9gales\"}]},{\"@type\":\"WebSite\",\"@id\":\"https:\\\/\\\/www.formacompost.fr\\\/espace-pro-accueil\\\/#website\",\"url\":\"https:\\\/\\\/www.formacompost.fr\\\/espace-pro-accueil\\\/\",\"name\":\"FORMACOMPOST\",\"description\":\"Notre m\u00e9tier, la pr\u00e9vention des d\u00e9chets. L&#039;innovation notre motivation\",\"publisher\":{\"@id\":\"https:\\\/\\\/www.formacompost.fr\\\/espace-pro-accueil\\\/#organization\"},\"potentialAction\":[{\"@type\":\"SearchAction\",\"target\":{\"@type\":\"EntryPoint\",\"urlTemplate\":\"https:\\\/\\\/www.formacompost.fr\\\/espace-pro-accueil\\\/?s={search_term_string}\"},\"query-input\":{\"@type\":\"PropertyValueSpecification\",\"valueRequired\":true,\"valueName\":\"search_term_string\"}}],\"inLanguage\":\"fr-FR\"},{\"@type\":\"Organization\",\"@id\":\"https:\\\/\\\/www.formacompost.fr\\\/espace-pro-accueil\\\/#organization\",\"name\":\"Formacompost\",\"url\":\"https:\\\/\\\/www.formacompost.fr\\\/espace-pro-accueil\\\/\",\"logo\":{\"@type\":\"ImageObject\",\"inLanguage\":\"fr-FR\",\"@id\":\"https:\\\/\\\/www.formacompost.fr\\\/espace-pro-accueil\\\/#\\\/schema\\\/logo\\\/image\\\/\",\"url\":\"https:\\\/\\\/www.formacompost.fr\\\/wp-content\\\/uploads\\\/2020\\\/03\\\/logo.png\",\"contentUrl\":\"https:\\\/\\\/www.formacompost.fr\\\/wp-content\\\/uploads\\\/2020\\\/03\\\/logo.png\",\"width\":431,\"height\":154,\"caption\":\"Formacompost\"},\"image\":{\"@id\":\"https:\\\/\\\/www.formacompost.fr\\\/espace-pro-accueil\\\/#\\\/schema\\\/logo\\\/image\\\/\"}}]}<\/script>\n<!-- \/ Yoast SEO plugin. -->","yoast_head_json":{"title":"NULL","description":"NULL","robots":{"index":"index","follow":"follow","max-snippet":"max-snippet:-1","max-image-preview":"max-image-preview:large","max-video-preview":"max-video-preview:-1"},"canonical":"NULL","og_locale":"fr_FR","og_type":"article","og_title":"NULL","og_description":"NULL","og_url":"NULL","og_site_name":"FORMACOMPOST","article_modified_time":"2024-03-25T13:07:49+00:00","twitter_card":"summary_large_image","twitter_title":"NULL","twitter_description":"NULL","twitter_misc":{"Dur\u00e9e de lecture estim\u00e9e":"3 minutes"},"schema":{"@context":"https:\/\/schema.org","@graph":[{"@type":["WebPage","NULL"],"@id":"https:\/\/www.formacompost.fr\/espace-pro-accueil\/mentions-legales\/","url":"NULL","name":"NULL","isPartOf":{"@id":"https:\/\/www.formacompost.fr\/espace-pro-accueil\/#website"},"datePublished":"2020-04-22T07:39:52+00:00","dateModified":"2024-03-25T13:07:49+00:00","description":"NULL","breadcrumb":{"@id":"NULL#breadcrumb"},"inLanguage":"fr-FR","potentialAction":[{"@type":"ReadAction","target":["NULL"]}]},{"@type":"BreadcrumbList","@id":"NULL#breadcrumb","itemListElement":[{"@type":"ListItem","position":1,"name":"Accueil","item":"https:\/\/www.formacompost.fr\/espace-pro-accueil\/"},{"@type":"ListItem","position":2,"name":"Mentions l\u00e9gales"}]},{"@type":"WebSite","@id":"https:\/\/www.formacompost.fr\/espace-pro-accueil\/#website","url":"https:\/\/www.formacompost.fr\/espace-pro-accueil\/","name":"FORMACOMPOST","description":"Notre m\u00e9tier, la pr\u00e9vention des d\u00e9chets. L&#039;innovation notre motivation","publisher":{"@id":"https:\/\/www.formacompost.fr\/espace-pro-accueil\/#organization"},"potentialAction":[{"@type":"SearchAction","target":{"@type":"EntryPoint","urlTemplate":"https:\/\/www.formacompost.fr\/espace-pro-accueil\/?s={search_term_string}"},"query-input":{"@type":"PropertyValueSpecification","valueRequired":true,"valueName":"search_term_string"}}],"inLanguage":"fr-FR"},{"@type":"Organization","@id":"https:\/\/www.formacompost.fr\/espace-pro-accueil\/#organization","name":"Formacompost","url":"https:\/\/www.formacompost.fr\/espace-pro-accueil\/","logo":{"@type":"ImageObject","inLanguage":"fr-FR","@id":"https:\/\/www.formacompost.fr\/espace-pro-accueil\/#\/schema\/logo\/image\/","url":"https:\/\/www.formacompost.fr\/wp-content\/uploads\/2020\/03\/logo.png","contentUrl":"https:\/\/www.formacompost.fr\/wp-content\/uploads\/2020\/03\/logo.png","width":431,"height":154,"caption":"Formacompost"},"image":{"@id":"https:\/\/www.formacompost.fr\/espace-pro-accueil\/#\/schema\/logo\/image\/"}}]}},"jetpack_sharing_enabled":true,"_links":{"self":[{"href":"https:\/\/www.formacompost.fr\/espace-pro-accueil\/wp-json\/wp\/v2\/pages\/383","targetHints":{"allow":["GET"]}}],"collection":[{"href":"https:\/\/www.formacompost.fr\/espace-pro-accueil\/wp-json\/wp\/v2\/pages"}],"about":[{"href":"https:\/\/www.formacompost.fr\/espace-pro-accueil\/wp-json\/wp\/v2\/types\/page"}],"author":[{"embeddable":true,"href":"https:\/\/www.formacompost.fr\/espace-pro-accueil\/wp-json\/wp\/v2\/users\/1"}],"replies":[{"embeddable":true,"href":"https:\/\/www.formacompost.fr\/espace-pro-accueil\/wp-json\/wp\/v2\/comments?post=383"}],"version-history":[{"count":14,"href":"https:\/\/www.formacompost.fr\/espace-pro-accueil\/wp-json\/wp\/v2\/pages\/383\/revisions"}],"predecessor-version":[{"id":12702,"href":"https:\/\/www.formacompost.fr\/espace-pro-accueil\/wp-json\/wp\/v2\/pages\/383\/revisions\/12702"}],"wp:attachment":[{"href":"https:\/\/www.formacompost.fr\/espace-pro-accueil\/wp-json\/wp\/v2\/media?parent=383"}],"curies":[{"name":"wp","href":"https:\/\/api.w.org\/{rel}","templated":true}]}}