{"id":1865,"date":"2021-05-10T16:02:48","date_gmt":"2021-05-10T14:02:48","guid":{"rendered":"https:\/\/www.formacompost.fr\/?page_id=1865"},"modified":"2022-05-12T11:53:33","modified_gmt":"2022-05-12T09:53:33","slug":"faq-pro","status":"publish","type":"page","link":"https:\/\/www.formacompost.fr\/espace-pro-accueil\/faq-pro\/","title":{"rendered":"FAQ &#8211; Pro"},"content":{"rendered":"\t\t<div data-elementor-type=\"wp-page\" data-elementor-id=\"1865\" class=\"elementor elementor-1865\" data-elementor-post-type=\"page\">\n\t\t\t\t\t\t<section class=\"elementor-section elementor-top-section elementor-element elementor-element-643488ff elementor-section-boxed elementor-section-height-default elementor-section-height-default\" data-id=\"643488ff\" data-element_type=\"section\" data-e-type=\"section\" data-settings=\"{&quot;background_background&quot;:&quot;classic&quot;}\">\n\t\t\t\t\t\t<div class=\"elementor-container elementor-column-gap-default\">\n\t\t\t\t\t<div class=\"elementor-column elementor-col-100 elementor-top-column elementor-element elementor-element-20d2cfb8\" data-id=\"20d2cfb8\" data-element_type=\"column\" data-e-type=\"column\">\n\t\t\t<div class=\"elementor-widget-wrap elementor-element-populated\">\n\t\t\t\t\t\t<div class=\"elementor-element elementor-element-674902dc elementor-widget elementor-widget-heading\" data-id=\"674902dc\" data-element_type=\"widget\" data-e-type=\"widget\" data-widget_type=\"heading.default\">\n\t\t\t\t<div class=\"elementor-widget-container\">\n\t\t\t\t\t<h1 class=\"elementor-heading-title elementor-size-default\"><a href=\"https:\/\/www.formacompost.fr\/faq-2\/\">FOIRE AUX QUESTIONS<\/a><\/h1>\t\t\t\t<\/div>\n\t\t\t\t<\/div>\n\t\t\t\t\t<\/div>\n\t\t<\/div>\n\t\t\t\t\t<\/div>\n\t\t<\/section>\n\t\t\t\t<section class=\"elementor-section elementor-top-section elementor-element elementor-element-5e6a5984 elementor-section-boxed elementor-section-height-default elementor-section-height-default\" data-id=\"5e6a5984\" data-element_type=\"section\" data-e-type=\"section\">\n\t\t\t\t\t\t<div class=\"elementor-container elementor-column-gap-default\">\n\t\t\t\t\t<div class=\"elementor-column elementor-col-100 elementor-top-column elementor-element elementor-element-319b407a\" data-id=\"319b407a\" data-element_type=\"column\" data-e-type=\"column\">\n\t\t\t<div class=\"elementor-widget-wrap elementor-element-populated\">\n\t\t\t\t\t\t<div class=\"elementor-element elementor-element-1ae9c793 elementor-view-default elementor-position-block-start elementor-mobile-position-block-start elementor-widget elementor-widget-icon-box\" data-id=\"1ae9c793\" data-element_type=\"widget\" data-e-type=\"widget\" data-widget_type=\"icon-box.default\">\n\t\t\t\t<div class=\"elementor-widget-container\">\n\t\t\t\t\t\t\t<div class=\"elementor-icon-box-wrapper\">\n\n\t\t\t\t\t\t<div class=\"elementor-icon-box-icon\">\n\t\t\t\t<span  class=\"elementor-icon\">\n\t\t\t\t<i aria-hidden=\"true\" class=\"far fa-handshake\"><\/i>\t\t\t\t<\/span>\n\t\t\t<\/div>\n\t\t\t\n\t\t\t\t\t\t<div class=\"elementor-icon-box-content\">\n\n\t\t\t\t\t\t\t\t\t<h3 class=\"elementor-icon-box-title\">\n\t\t\t\t\t\t<span  >\n\t\t\t\t\t\t\tPour les pro - notre materiel professionnel\t\t\t\t\t\t<\/span>\n\t\t\t\t\t<\/h3>\n\t\t\t\t\n\t\t\t\t\n\t\t\t<\/div>\n\t\t\t\n\t\t<\/div>\n\t\t\t\t\t\t<\/div>\n\t\t\t\t<\/div>\n\t\t\t\t\t<\/div>\n\t\t<\/div>\n\t\t\t\t\t<\/div>\n\t\t<\/section>\n\t\t\t\t<section class=\"elementor-section elementor-top-section elementor-element elementor-element-6f3a0f16 elementor-section-boxed elementor-section-height-default elementor-section-height-default\" data-id=\"6f3a0f16\" data-element_type=\"section\" data-e-type=\"section\">\n\t\t\t\t\t\t<div class=\"elementor-container elementor-column-gap-default\">\n\t\t\t\t\t<div class=\"elementor-column elementor-col-100 elementor-top-column elementor-element elementor-element-7c49cd99\" data-id=\"7c49cd99\" data-element_type=\"column\" data-e-type=\"column\">\n\t\t\t<div class=\"elementor-widget-wrap elementor-element-populated\">\n\t\t\t\t\t\t<div class=\"elementor-element elementor-element-959bd2d elementor-widget elementor-widget-toggle\" data-id=\"959bd2d\" data-element_type=\"widget\" data-e-type=\"widget\" data-widget_type=\"toggle.default\">\n\t\t\t\t<div class=\"elementor-widget-container\">\n\t\t\t\t\t\t\t<div class=\"elementor-toggle\">\n\t\t\t\t\t\t\t<div class=\"elementor-toggle-item\">\n\t\t\t\t\t<h5 id=\"elementor-tab-title-1561\" class=\"elementor-tab-title\" data-tab=\"1\" role=\"button\" aria-controls=\"elementor-tab-content-1561\" aria-expanded=\"false\">\n\t\t\t\t\t\t\t\t\t\t\t\t<span class=\"elementor-toggle-icon elementor-toggle-icon-left\" aria-hidden=\"true\">\n\t\t\t\t\t\t\t\t\t\t\t\t\t\t\t<span class=\"elementor-toggle-icon-closed\"><i class=\"fas fa-caret-right\"><\/i><\/span>\n\t\t\t\t\t\t\t\t<span class=\"elementor-toggle-icon-opened\"><i class=\"elementor-toggle-icon-opened fas fa-caret-up\"><\/i><\/span>\n\t\t\t\t\t\t\t\t\t\t\t\t\t<\/span>\n\t\t\t\t\t\t\t\t\t\t\t\t<a class=\"elementor-toggle-title\" tabindex=\"0\">QUEL VOLUME DE DECHETS PUIS-JE COMPOSTER ?<\/a>\n\t\t\t\t\t<\/h5>\n\n\t\t\t\t\t<div id=\"elementor-tab-content-1561\" class=\"elementor-tab-content elementor-clearfix\" data-tab=\"1\" role=\"region\" aria-labelledby=\"elementor-tab-title-1561\"><p>Formacompost propose deux gammes de composteurs professionnels pouvant composter de 100 \u00e0 200kg de d\u00e9chets alimentaires par semaine.<\/p><p>\u00a0<\/p><p>Une gamme de <strong>composteurs rotatifs motoris\u00e9s<\/strong> : le CULBUTO 500, une cuve de 500 litres pour composter jusqu&rsquo;\u00e0 100kg de d\u00e9chets par semaine, et le CULBUTO 1000, deux cuves de 500 litres pour composter jusqu&rsquo;\u00e0 200kg de d\u00e9chets.<\/p><p>\u00a0<\/p><p>Une gamme d&rsquo;<strong>\u00e9lectro- composteurs<\/strong> : en conception, des \u00e9lectro-composteurs, associ\u00e9s sur demande d&rsquo;un broyeur, pour composter en toute tranquillit\u00e9.<\/p><p>\u00a0<\/p><\/div>\n\t\t\t\t<\/div>\n\t\t\t\t\t\t\t<div class=\"elementor-toggle-item\">\n\t\t\t\t\t<h5 id=\"elementor-tab-title-1562\" class=\"elementor-tab-title\" data-tab=\"2\" role=\"button\" aria-controls=\"elementor-tab-content-1562\" aria-expanded=\"false\">\n\t\t\t\t\t\t\t\t\t\t\t\t<span class=\"elementor-toggle-icon elementor-toggle-icon-left\" aria-hidden=\"true\">\n\t\t\t\t\t\t\t\t\t\t\t\t\t\t\t<span class=\"elementor-toggle-icon-closed\"><i class=\"fas fa-caret-right\"><\/i><\/span>\n\t\t\t\t\t\t\t\t<span class=\"elementor-toggle-icon-opened\"><i class=\"elementor-toggle-icon-opened fas fa-caret-up\"><\/i><\/span>\n\t\t\t\t\t\t\t\t\t\t\t\t\t<\/span>\n\t\t\t\t\t\t\t\t\t\t\t\t<a class=\"elementor-toggle-title\" tabindex=\"0\">ET POUR LES COLLECTIVITES ?<\/a>\n\t\t\t\t\t<\/h5>\n\n\t\t\t\t\t<div id=\"elementor-tab-content-1562\" class=\"elementor-tab-content elementor-clearfix\" data-tab=\"2\" role=\"region\" aria-labelledby=\"elementor-tab-title-1562\"><p>Nous travaillons actuellement \u00e0 des solutions particuli\u00e8rement adapt\u00e9es aux collectivit\u00e9s. Afin de r\u00e9duire toujours plus les transports, vous pourrez installer une zone d&rsquo;\u00e9lectro-compostage en pied d&rsquo;immeubles, aux plus pr\u00e8s des habitations.<\/p><\/div>\n\t\t\t\t<\/div>\n\t\t\t\t\t\t\t\t<\/div>\n\t\t\t\t\t\t<\/div>\n\t\t\t\t<\/div>\n\t\t\t\t\t<\/div>\n\t\t<\/div>\n\t\t\t\t\t<\/div>\n\t\t<\/section>\n\t\t\t\t<section class=\"elementor-section elementor-top-section elementor-element elementor-element-e32d2a3 elementor-section-boxed elementor-section-height-default elementor-section-height-default\" data-id=\"e32d2a3\" data-element_type=\"section\" data-e-type=\"section\">\n\t\t\t\t\t\t<div class=\"elementor-container elementor-column-gap-default\">\n\t\t\t\t\t<div class=\"elementor-column elementor-col-100 elementor-top-column elementor-element elementor-element-631a59af\" data-id=\"631a59af\" data-element_type=\"column\" data-e-type=\"column\">\n\t\t\t<div class=\"elementor-widget-wrap elementor-element-populated\">\n\t\t\t\t\t\t<div class=\"elementor-element elementor-element-4f6fd5ae elementor-widget elementor-widget-spacer\" data-id=\"4f6fd5ae\" data-element_type=\"widget\" data-e-type=\"widget\" data-widget_type=\"spacer.default\">\n\t\t\t\t<div class=\"elementor-widget-container\">\n\t\t\t\t\t\t\t<div class=\"elementor-spacer\">\n\t\t\t<div class=\"elementor-spacer-inner\"><\/div>\n\t\t<\/div>\n\t\t\t\t\t\t<\/div>\n\t\t\t\t<\/div>\n\t\t\t\t\t<\/div>\n\t\t<\/div>\n\t\t\t\t\t<\/div>\n\t\t<\/section>\n\t\t\t\t<section class=\"elementor-section elementor-top-section elementor-element elementor-element-2d26e512 elementor-section-boxed elementor-section-height-default elementor-section-height-default\" data-id=\"2d26e512\" data-element_type=\"section\" data-e-type=\"section\">\n\t\t\t\t\t\t<div class=\"elementor-container elementor-column-gap-default\">\n\t\t\t\t\t<div class=\"elementor-column elementor-col-100 elementor-top-column elementor-element elementor-element-252fa02d\" data-id=\"252fa02d\" data-element_type=\"column\" data-e-type=\"column\">\n\t\t\t<div class=\"elementor-widget-wrap elementor-element-populated\">\n\t\t\t\t\t\t<div class=\"elementor-element elementor-element-6c4fbd18 elementor-widget elementor-widget-heading\" data-id=\"6c4fbd18\" data-element_type=\"widget\" data-e-type=\"widget\" data-widget_type=\"heading.default\">\n\t\t\t\t<div class=\"elementor-widget-container\">\n\t\t\t\t\t<h2 class=\"elementor-heading-title elementor-size-default\">Vous ne trouvez pas de r\u00e9ponse \u00e0 votre question ?<\/h2>\t\t\t\t<\/div>\n\t\t\t\t<\/div>\n\t\t\t\t<div class=\"elementor-element elementor-element-6fe8ddb2 elementor-widget elementor-widget-text-editor\" data-id=\"6fe8ddb2\" data-element_type=\"widget\" data-e-type=\"widget\" data-widget_type=\"text-editor.default\">\n\t\t\t\t<div class=\"elementor-widget-container\">\n\t\t\t\t\t\t\t\t\t<p>Posez votre question via le formulaire ci-dessous. Nous vous r\u00e9pondrons sous 48h.<\/p>\t\t\t\t\t\t\t\t<\/div>\n\t\t\t\t<\/div>\n\t\t\t\t\t<\/div>\n\t\t<\/div>\n\t\t\t\t\t<\/div>\n\t\t<\/section>\n\t\t\t\t<section class=\"elementor-section elementor-top-section elementor-element elementor-element-2faa4a9 elementor-section-boxed elementor-section-height-default elementor-section-height-default\" data-id=\"2faa4a9\" data-element_type=\"section\" data-e-type=\"section\">\n\t\t\t\t\t\t<div class=\"elementor-container elementor-column-gap-default\">\n\t\t\t\t\t<div class=\"elementor-column elementor-col-100 elementor-top-column elementor-element elementor-element-0489466\" data-id=\"0489466\" data-element_type=\"column\" data-e-type=\"column\">\n\t\t\t<div class=\"elementor-widget-wrap elementor-element-populated\">\n\t\t\t\t\t\t<div class=\"elementor-element elementor-element-84fef3b elementor-button-align-stretch elementor-widget elementor-widget-form\" data-id=\"84fef3b\" data-element_type=\"widget\" data-e-type=\"widget\" data-settings=\"{&quot;step_next_label&quot;:&quot;Suivant&quot;,&quot;step_previous_label&quot;:&quot;Pr\\u00e9c\\u00e9dent&quot;,&quot;button_width&quot;:&quot;100&quot;,&quot;step_type&quot;:&quot;number_text&quot;,&quot;step_icon_shape&quot;:&quot;circle&quot;}\" data-widget_type=\"form.default\">\n\t\t\t\t<div class=\"elementor-widget-container\">\n\t\t\t\t\t\t\t<form class=\"elementor-form\" method=\"post\" name=\"Nouveau formulaire\">\n\t\t\t<input type=\"hidden\" name=\"post_id\" value=\"1865\"\/>\n\t\t\t<input type=\"hidden\" name=\"form_id\" value=\"84fef3b\"\/>\n\t\t\t<input type=\"hidden\" name=\"referer_title\" value=\"FORMACOMPOST\" \/>\n\n\t\t\t\n\t\t\t<div class=\"elementor-form-fields-wrapper elementor-labels-above\">\n\t\t\t\t\t\t\t\t<div class=\"elementor-field-type-text elementor-field-group elementor-column elementor-field-group-name elementor-col-100 elementor-field-required\">\n\t\t\t\t\t\t\t\t\t\t\t\t<label for=\"form-field-name\" class=\"elementor-field-label\">\n\t\t\t\t\t\t\t\tNom\t\t\t\t\t\t\t<\/label>\n\t\t\t\t\t\t\t\t\t\t\t\t\t\t<input size=\"1\" type=\"text\" name=\"form_fields[name]\" id=\"form-field-name\" class=\"elementor-field elementor-size-sm  elementor-field-textual\" placeholder=\"Nom\" required=\"required\" aria-required=\"true\">\n\t\t\t\t\t\t\t\t\t\t\t<\/div>\n\t\t\t\t\t\t\t\t<div class=\"elementor-field-type-email elementor-field-group elementor-column elementor-field-group-email elementor-col-100 elementor-field-required\">\n\t\t\t\t\t\t\t\t\t\t\t\t<label for=\"form-field-email\" class=\"elementor-field-label\">\n\t\t\t\t\t\t\t\tE-mail\t\t\t\t\t\t\t<\/label>\n\t\t\t\t\t\t\t\t\t\t\t\t\t\t<input size=\"1\" type=\"email\" name=\"form_fields[email]\" id=\"form-field-email\" class=\"elementor-field elementor-size-sm  elementor-field-textual\" placeholder=\"E-mail\" required=\"required\" aria-required=\"true\">\n\t\t\t\t\t\t\t\t\t\t\t<\/div>\n\t\t\t\t\t\t\t\t<div class=\"elementor-field-type-select elementor-field-group elementor-column elementor-field-group-field_22bbe2a elementor-col-100 elementor-field-required\">\n\t\t\t\t\t\t\t\t\t\t\t\t<label for=\"form-field-field_22bbe2a\" class=\"elementor-field-label\">\n\t\t\t\t\t\t\t\tJe suis...\t\t\t\t\t\t\t<\/label>\n\t\t\t\t\t\t\t\t<div class=\"elementor-field elementor-select-wrapper remove-before \">\n\t\t\t<div class=\"select-caret-down-wrapper\">\n\t\t\t\t<i aria-hidden=\"true\" class=\"eicon-caret-down\"><\/i>\t\t\t<\/div>\n\t\t\t<select name=\"form_fields[field_22bbe2a]\" id=\"form-field-field_22bbe2a\" class=\"elementor-field-textual elementor-size-sm\" required=\"required\" aria-required=\"true\">\n\t\t\t\t\t\t\t\t\t<option value=\"Je suis un particulier\">Je suis un particulier<\/option>\n\t\t\t\t\t\t\t\t\t<option value=\"Je suis un professionnel\">Je suis un professionnel<\/option>\n\t\t\t\t\t\t\t<\/select>\n\t\t<\/div>\n\t\t\t\t\t\t<\/div>\n\t\t\t\t\t\t\t\t<div class=\"elementor-field-type-textarea elementor-field-group elementor-column elementor-field-group-message elementor-col-100 elementor-field-required\">\n\t\t\t\t\t\t\t\t\t\t\t\t<label for=\"form-field-message\" class=\"elementor-field-label\">\n\t\t\t\t\t\t\t\tMessage\t\t\t\t\t\t\t<\/label>\n\t\t\t\t\t\t<textarea class=\"elementor-field-textual elementor-field  elementor-size-sm\" name=\"form_fields[message]\" id=\"form-field-message\" rows=\"4\" placeholder=\"Message\" required=\"required\" aria-required=\"true\"><\/textarea>\t\t\t\t<\/div>\n\t\t\t\t\t\t\t\t<div class=\"elementor-field-group elementor-column elementor-field-type-submit elementor-col-100 e-form__buttons\">\n\t\t\t\t\t<button type=\"submit\" class=\"elementor-button elementor-size-sm\">\n\t\t\t\t\t\t<span >\n\t\t\t\t\t\t\t\t\t\t\t\t\t\t\t<span class=\" elementor-button-icon\">\n\t\t\t\t\t\t\t\t\t\t\t\t\t\t\t\t\t\t\t\t\t\t\t\t\t\t<\/span>\n\t\t\t\t\t\t\t\t\t\t\t\t\t\t\t\t\t\t\t\t\t\t<span class=\"elementor-button-text\">Envoyer<\/span>\n\t\t\t\t\t\t\t\t\t\t\t\t\t<\/span>\n\t\t\t\t\t<\/button>\n\t\t\t\t<\/div>\n\t\t\t<\/div>\n\t\t<\/form>\n\t\t\t\t\t\t<\/div>\n\t\t\t\t<\/div>\n\t\t\t\t\t<\/div>\n\t\t<\/div>\n\t\t\t\t\t<\/div>\n\t\t<\/section>\n\t\t\t\t<\/div>\n\t\t","protected":false},"excerpt":{"rendered":"<p>FOIRE AUX QUESTIONS Pour les pro &#8211; notre materiel professionnel QUEL VOLUME DE DECHETS PUIS-JE COMPOSTER ? Formacompost propose deux gammes de composteurs professionnels pouvant composter de 100 \u00e0 200kg de d\u00e9chets alimentaires par semaine. \u00a0 Une gamme de composteurs rotatifs motoris\u00e9s : le CULBUTO 500, une cuve de 500 litres pour composter jusqu&rsquo;\u00e0 100kg &#8230; <a title=\"FAQ &#8211; Pro\" class=\"read-more\" href=\"https:\/\/www.formacompost.fr\/espace-pro-accueil\/faq-pro\/\" aria-label=\"En savoir plus sur FAQ &#8211; Pro\">Lire la suite<\/a><\/p>\n","protected":false},"author":2,"featured_media":0,"parent":0,"menu_order":0,"comment_status":"closed","ping_status":"closed","template":"elementor_header_footer","meta":{"footnotes":""},"class_list":["post-1865","page","type-page","status-publish"],"yoast_head":"<!-- This site is optimized with the Yoast SEO plugin v27.3 - https:\/\/yoast.com\/product\/yoast-seo-wordpress\/ -->\n<title>NULL<\/title>\n<meta name=\"description\" content=\"NULL\" \/>\n<meta name=\"robots\" content=\"index, follow, max-snippet:-1, max-image-preview:large, max-video-preview:-1\" \/>\n<link rel=\"canonical\" href=\"http:\/\/NULL\" \/>\n<meta property=\"og:locale\" content=\"fr_FR\" \/>\n<meta property=\"og:type\" content=\"article\" \/>\n<meta property=\"og:title\" content=\"NULL\" \/>\n<meta property=\"og:description\" content=\"NULL\" \/>\n<meta property=\"og:url\" content=\"NULL\" \/>\n<meta property=\"og:site_name\" content=\"FORMACOMPOST\" \/>\n<meta property=\"article:modified_time\" content=\"2022-05-12T09:53:33+00:00\" \/>\n<meta name=\"twitter:card\" content=\"summary_large_image\" \/>\n<meta name=\"twitter:title\" content=\"NULL\" \/>\n<meta name=\"twitter:description\" content=\"NULL\" \/>\n<meta name=\"twitter:label1\" content=\"Dur\u00e9e de lecture estim\u00e9e\" \/>\n\t<meta name=\"twitter:data1\" content=\"1 minute\" \/>\n<script type=\"application\/ld+json\" class=\"yoast-schema-graph\">{\"@context\":\"https:\\\/\\\/schema.org\",\"@graph\":[{\"@type\":[\"WebPage\",\"NULL\"],\"@id\":\"https:\\\/\\\/www.formacompost.fr\\\/espace-pro-accueil\\\/faq-pro\\\/\",\"url\":\"NULL\",\"name\":\"NULL\",\"isPartOf\":{\"@id\":\"https:\\\/\\\/www.formacompost.fr\\\/espace-pro-accueil\\\/#website\"},\"datePublished\":\"2021-05-10T14:02:48+00:00\",\"dateModified\":\"2022-05-12T09:53:33+00:00\",\"description\":\"NULL\",\"breadcrumb\":{\"@id\":\"NULL#breadcrumb\"},\"inLanguage\":\"fr-FR\",\"potentialAction\":[{\"@type\":\"ReadAction\",\"target\":[\"NULL\"]}]},{\"@type\":\"BreadcrumbList\",\"@id\":\"NULL#breadcrumb\",\"itemListElement\":[{\"@type\":\"ListItem\",\"position\":1,\"name\":\"Accueil\",\"item\":\"https:\\\/\\\/www.formacompost.fr\\\/espace-pro-accueil\\\/\"},{\"@type\":\"ListItem\",\"position\":2,\"name\":\"FAQ &#8211; Pro\"}]},{\"@type\":\"WebSite\",\"@id\":\"https:\\\/\\\/www.formacompost.fr\\\/espace-pro-accueil\\\/#website\",\"url\":\"https:\\\/\\\/www.formacompost.fr\\\/espace-pro-accueil\\\/\",\"name\":\"FORMACOMPOST\",\"description\":\"Notre m\u00e9tier, la pr\u00e9vention des d\u00e9chets. L&#039;innovation notre motivation\",\"publisher\":{\"@id\":\"https:\\\/\\\/www.formacompost.fr\\\/espace-pro-accueil\\\/#organization\"},\"potentialAction\":[{\"@type\":\"SearchAction\",\"target\":{\"@type\":\"EntryPoint\",\"urlTemplate\":\"https:\\\/\\\/www.formacompost.fr\\\/espace-pro-accueil\\\/?s={search_term_string}\"},\"query-input\":{\"@type\":\"PropertyValueSpecification\",\"valueRequired\":true,\"valueName\":\"search_term_string\"}}],\"inLanguage\":\"fr-FR\"},{\"@type\":\"Organization\",\"@id\":\"https:\\\/\\\/www.formacompost.fr\\\/espace-pro-accueil\\\/#organization\",\"name\":\"Formacompost\",\"url\":\"https:\\\/\\\/www.formacompost.fr\\\/espace-pro-accueil\\\/\",\"logo\":{\"@type\":\"ImageObject\",\"inLanguage\":\"fr-FR\",\"@id\":\"https:\\\/\\\/www.formacompost.fr\\\/espace-pro-accueil\\\/#\\\/schema\\\/logo\\\/image\\\/\",\"url\":\"https:\\\/\\\/www.formacompost.fr\\\/wp-content\\\/uploads\\\/2020\\\/03\\\/logo.png\",\"contentUrl\":\"https:\\\/\\\/www.formacompost.fr\\\/wp-content\\\/uploads\\\/2020\\\/03\\\/logo.png\",\"width\":431,\"height\":154,\"caption\":\"Formacompost\"},\"image\":{\"@id\":\"https:\\\/\\\/www.formacompost.fr\\\/espace-pro-accueil\\\/#\\\/schema\\\/logo\\\/image\\\/\"}}]}<\/script>\n<!-- \/ Yoast SEO plugin. -->","yoast_head_json":{"title":"NULL","description":"NULL","robots":{"index":"index","follow":"follow","max-snippet":"max-snippet:-1","max-image-preview":"max-image-preview:large","max-video-preview":"max-video-preview:-1"},"canonical":"NULL","og_locale":"fr_FR","og_type":"article","og_title":"NULL","og_description":"NULL","og_url":"NULL","og_site_name":"FORMACOMPOST","article_modified_time":"2022-05-12T09:53:33+00:00","twitter_card":"summary_large_image","twitter_title":"NULL","twitter_description":"NULL","twitter_misc":{"Dur\u00e9e de lecture estim\u00e9e":"1 minute"},"schema":{"@context":"https:\/\/schema.org","@graph":[{"@type":["WebPage","NULL"],"@id":"https:\/\/www.formacompost.fr\/espace-pro-accueil\/faq-pro\/","url":"NULL","name":"NULL","isPartOf":{"@id":"https:\/\/www.formacompost.fr\/espace-pro-accueil\/#website"},"datePublished":"2021-05-10T14:02:48+00:00","dateModified":"2022-05-12T09:53:33+00:00","description":"NULL","breadcrumb":{"@id":"NULL#breadcrumb"},"inLanguage":"fr-FR","potentialAction":[{"@type":"ReadAction","target":["NULL"]}]},{"@type":"BreadcrumbList","@id":"NULL#breadcrumb","itemListElement":[{"@type":"ListItem","position":1,"name":"Accueil","item":"https:\/\/www.formacompost.fr\/espace-pro-accueil\/"},{"@type":"ListItem","position":2,"name":"FAQ &#8211; Pro"}]},{"@type":"WebSite","@id":"https:\/\/www.formacompost.fr\/espace-pro-accueil\/#website","url":"https:\/\/www.formacompost.fr\/espace-pro-accueil\/","name":"FORMACOMPOST","description":"Notre m\u00e9tier, la pr\u00e9vention des d\u00e9chets. L&#039;innovation notre motivation","publisher":{"@id":"https:\/\/www.formacompost.fr\/espace-pro-accueil\/#organization"},"potentialAction":[{"@type":"SearchAction","target":{"@type":"EntryPoint","urlTemplate":"https:\/\/www.formacompost.fr\/espace-pro-accueil\/?s={search_term_string}"},"query-input":{"@type":"PropertyValueSpecification","valueRequired":true,"valueName":"search_term_string"}}],"inLanguage":"fr-FR"},{"@type":"Organization","@id":"https:\/\/www.formacompost.fr\/espace-pro-accueil\/#organization","name":"Formacompost","url":"https:\/\/www.formacompost.fr\/espace-pro-accueil\/","logo":{"@type":"ImageObject","inLanguage":"fr-FR","@id":"https:\/\/www.formacompost.fr\/espace-pro-accueil\/#\/schema\/logo\/image\/","url":"https:\/\/www.formacompost.fr\/wp-content\/uploads\/2020\/03\/logo.png","contentUrl":"https:\/\/www.formacompost.fr\/wp-content\/uploads\/2020\/03\/logo.png","width":431,"height":154,"caption":"Formacompost"},"image":{"@id":"https:\/\/www.formacompost.fr\/espace-pro-accueil\/#\/schema\/logo\/image\/"}}]}},"jetpack_sharing_enabled":true,"_links":{"self":[{"href":"https:\/\/www.formacompost.fr\/espace-pro-accueil\/wp-json\/wp\/v2\/pages\/1865","targetHints":{"allow":["GET"]}}],"collection":[{"href":"https:\/\/www.formacompost.fr\/espace-pro-accueil\/wp-json\/wp\/v2\/pages"}],"about":[{"href":"https:\/\/www.formacompost.fr\/espace-pro-accueil\/wp-json\/wp\/v2\/types\/page"}],"author":[{"embeddable":true,"href":"https:\/\/www.formacompost.fr\/espace-pro-accueil\/wp-json\/wp\/v2\/users\/2"}],"replies":[{"embeddable":true,"href":"https:\/\/www.formacompost.fr\/espace-pro-accueil\/wp-json\/wp\/v2\/comments?post=1865"}],"version-history":[{"count":10,"href":"https:\/\/www.formacompost.fr\/espace-pro-accueil\/wp-json\/wp\/v2\/pages\/1865\/revisions"}],"predecessor-version":[{"id":6222,"href":"https:\/\/www.formacompost.fr\/espace-pro-accueil\/wp-json\/wp\/v2\/pages\/1865\/revisions\/6222"}],"wp:attachment":[{"href":"https:\/\/www.formacompost.fr\/espace-pro-accueil\/wp-json\/wp\/v2\/media?parent=1865"}],"curies":[{"name":"wp","href":"https:\/\/api.w.org\/{rel}","templated":true}]}}