{"id":15,"date":"2020-03-03T15:07:50","date_gmt":"2020-03-03T14:07:50","guid":{"rendered":"http:\/\/formacompost.iticonseil.com\/?page_id=15"},"modified":"2020-03-03T15:07:50","modified_gmt":"2020-03-03T14:07:50","slug":"nos-solutions","status":"publish","type":"page","link":"https:\/\/www.formacompost.fr\/espace-pro-accueil\/nos-solutions\/","title":{"rendered":"Nos solutions"},"content":{"rendered":"","protected":false},"excerpt":{"rendered":"","protected":false},"author":1,"featured_media":0,"parent":0,"menu_order":0,"comment_status":"closed","ping_status":"closed","template":"","meta":{"footnotes":""},"class_list":["post-15","page","type-page","status-publish"],"yoast_head":"<!-- This site is optimized with the Yoast SEO plugin v27.4 - https:\/\/yoast.com\/product\/yoast-seo-wordpress\/ -->\n<title>NULL<\/title>\n<meta name=\"description\" content=\"NULL\" \/>\n<meta name=\"robots\" content=\"index, follow, max-snippet:-1, max-image-preview:large, max-video-preview:-1\" \/>\n<link rel=\"canonical\" href=\"http:\/\/NULL\" \/>\n<meta property=\"og:locale\" content=\"fr_FR\" \/>\n<meta property=\"og:type\" content=\"article\" \/>\n<meta property=\"og:title\" content=\"NULL\" \/>\n<meta property=\"og:description\" content=\"NULL\" \/>\n<meta property=\"og:url\" content=\"NULL\" \/>\n<meta property=\"og:site_name\" content=\"FORMACOMPOST\" \/>\n<meta name=\"twitter:card\" content=\"summary_large_image\" \/>\n<meta name=\"twitter:title\" content=\"NULL\" \/>\n<meta name=\"twitter:description\" content=\"NULL\" \/>\n<script type=\"application\/ld+json\" class=\"yoast-schema-graph\">{\"@context\":\"https:\\\/\\\/schema.org\",\"@graph\":[{\"@type\":[\"WebPage\",\"NULL\"],\"@id\":\"https:\\\/\\\/www.formacompost.fr\\\/espace-pro-accueil\\\/nos-solutions\\\/\",\"url\":\"NULL\",\"name\":\"NULL\",\"isPartOf\":{\"@id\":\"https:\\\/\\\/www.formacompost.fr\\\/espace-pro-accueil\\\/#website\"},\"datePublished\":\"2020-03-03T14:07:50+00:00\",\"description\":\"NULL\",\"breadcrumb\":{\"@id\":\"NULL#breadcrumb\"},\"inLanguage\":\"fr-FR\",\"potentialAction\":[{\"@type\":\"ReadAction\",\"target\":[\"NULL\"]}]},{\"@type\":\"BreadcrumbList\",\"@id\":\"NULL#breadcrumb\",\"itemListElement\":[{\"@type\":\"ListItem\",\"position\":1,\"name\":\"Accueil\",\"item\":\"https:\\\/\\\/www.formacompost.fr\\\/espace-pro-accueil\\\/\"},{\"@type\":\"ListItem\",\"position\":2,\"name\":\"Nos solutions\"}]},{\"@type\":\"WebSite\",\"@id\":\"https:\\\/\\\/www.formacompost.fr\\\/espace-pro-accueil\\\/#website\",\"url\":\"https:\\\/\\\/www.formacompost.fr\\\/espace-pro-accueil\\\/\",\"name\":\"FORMACOMPOST\",\"description\":\"Notre m\u00e9tier, la pr\u00e9vention des d\u00e9chets. L&#039;innovation notre motivation\",\"publisher\":{\"@id\":\"https:\\\/\\\/www.formacompost.fr\\\/espace-pro-accueil\\\/#organization\"},\"potentialAction\":[{\"@type\":\"SearchAction\",\"target\":{\"@type\":\"EntryPoint\",\"urlTemplate\":\"https:\\\/\\\/www.formacompost.fr\\\/espace-pro-accueil\\\/?s={search_term_string}\"},\"query-input\":{\"@type\":\"PropertyValueSpecification\",\"valueRequired\":true,\"valueName\":\"search_term_string\"}}],\"inLanguage\":\"fr-FR\"},{\"@type\":\"Organization\",\"@id\":\"https:\\\/\\\/www.formacompost.fr\\\/espace-pro-accueil\\\/#organization\",\"name\":\"Formacompost\",\"url\":\"https:\\\/\\\/www.formacompost.fr\\\/espace-pro-accueil\\\/\",\"logo\":{\"@type\":\"ImageObject\",\"inLanguage\":\"fr-FR\",\"@id\":\"https:\\\/\\\/www.formacompost.fr\\\/espace-pro-accueil\\\/#\\\/schema\\\/logo\\\/image\\\/\",\"url\":\"https:\\\/\\\/www.formacompost.fr\\\/wp-content\\\/uploads\\\/2020\\\/03\\\/logo.png\",\"contentUrl\":\"https:\\\/\\\/www.formacompost.fr\\\/wp-content\\\/uploads\\\/2020\\\/03\\\/logo.png\",\"width\":431,\"height\":154,\"caption\":\"Formacompost\"},\"image\":{\"@id\":\"https:\\\/\\\/www.formacompost.fr\\\/espace-pro-accueil\\\/#\\\/schema\\\/logo\\\/image\\\/\"}}]}<\/script>\n<!-- \/ Yoast SEO plugin. -->","yoast_head_json":{"title":"NULL","description":"NULL","robots":{"index":"index","follow":"follow","max-snippet":"max-snippet:-1","max-image-preview":"max-image-preview:large","max-video-preview":"max-video-preview:-1"},"canonical":"NULL","og_locale":"fr_FR","og_type":"article","og_title":"NULL","og_description":"NULL","og_url":"NULL","og_site_name":"FORMACOMPOST","twitter_card":"summary_large_image","twitter_title":"NULL","twitter_description":"NULL","schema":{"@context":"https:\/\/schema.org","@graph":[{"@type":["WebPage","NULL"],"@id":"https:\/\/www.formacompost.fr\/espace-pro-accueil\/nos-solutions\/","url":"NULL","name":"NULL","isPartOf":{"@id":"https:\/\/www.formacompost.fr\/espace-pro-accueil\/#website"},"datePublished":"2020-03-03T14:07:50+00:00","description":"NULL","breadcrumb":{"@id":"NULL#breadcrumb"},"inLanguage":"fr-FR","potentialAction":[{"@type":"ReadAction","target":["NULL"]}]},{"@type":"BreadcrumbList","@id":"NULL#breadcrumb","itemListElement":[{"@type":"ListItem","position":1,"name":"Accueil","item":"https:\/\/www.formacompost.fr\/espace-pro-accueil\/"},{"@type":"ListItem","position":2,"name":"Nos solutions"}]},{"@type":"WebSite","@id":"https:\/\/www.formacompost.fr\/espace-pro-accueil\/#website","url":"https:\/\/www.formacompost.fr\/espace-pro-accueil\/","name":"FORMACOMPOST","description":"Notre m\u00e9tier, la pr\u00e9vention des d\u00e9chets. L&#039;innovation notre motivation","publisher":{"@id":"https:\/\/www.formacompost.fr\/espace-pro-accueil\/#organization"},"potentialAction":[{"@type":"SearchAction","target":{"@type":"EntryPoint","urlTemplate":"https:\/\/www.formacompost.fr\/espace-pro-accueil\/?s={search_term_string}"},"query-input":{"@type":"PropertyValueSpecification","valueRequired":true,"valueName":"search_term_string"}}],"inLanguage":"fr-FR"},{"@type":"Organization","@id":"https:\/\/www.formacompost.fr\/espace-pro-accueil\/#organization","name":"Formacompost","url":"https:\/\/www.formacompost.fr\/espace-pro-accueil\/","logo":{"@type":"ImageObject","inLanguage":"fr-FR","@id":"https:\/\/www.formacompost.fr\/espace-pro-accueil\/#\/schema\/logo\/image\/","url":"https:\/\/www.formacompost.fr\/wp-content\/uploads\/2020\/03\/logo.png","contentUrl":"https:\/\/www.formacompost.fr\/wp-content\/uploads\/2020\/03\/logo.png","width":431,"height":154,"caption":"Formacompost"},"image":{"@id":"https:\/\/www.formacompost.fr\/espace-pro-accueil\/#\/schema\/logo\/image\/"}}]}},"jetpack_sharing_enabled":true,"_links":{"self":[{"href":"https:\/\/www.formacompost.fr\/espace-pro-accueil\/wp-json\/wp\/v2\/pages\/15","targetHints":{"allow":["GET"]}}],"collection":[{"href":"https:\/\/www.formacompost.fr\/espace-pro-accueil\/wp-json\/wp\/v2\/pages"}],"about":[{"href":"https:\/\/www.formacompost.fr\/espace-pro-accueil\/wp-json\/wp\/v2\/types\/page"}],"author":[{"embeddable":true,"href":"https:\/\/www.formacompost.fr\/espace-pro-accueil\/wp-json\/wp\/v2\/users\/1"}],"replies":[{"embeddable":true,"href":"https:\/\/www.formacompost.fr\/espace-pro-accueil\/wp-json\/wp\/v2\/comments?post=15"}],"version-history":[{"count":0,"href":"https:\/\/www.formacompost.fr\/espace-pro-accueil\/wp-json\/wp\/v2\/pages\/15\/revisions"}],"wp:attachment":[{"href":"https:\/\/www.formacompost.fr\/espace-pro-accueil\/wp-json\/wp\/v2\/media?parent=15"}],"curies":[{"name":"wp","href":"https:\/\/api.w.org\/{rel}","templated":true}]}}